{"id":6525,"date":"2024-10-29T17:32:33","date_gmt":"2024-10-30T00:32:33","guid":{"rendered":"https:\/\/www.counterpointfirm.com\/?page_id=6525"},"modified":"2025-01-09T08:29:57","modified_gmt":"2025-01-09T16:29:57","slug":"florida-woman-convicted-of-murder-after-zipping-her-boyfriend-inside-a-suitcase","status":"publish","type":"page","link":"https:\/\/www.counterpointfirm.com\/es\/florida-woman-convicted-of-murder-after-zipping-her-boyfriend-inside-a-suitcase\/","title":{"rendered":"Mujer de Florida Condenada por Asesinato Tras Encerrar a su Novio en una Maleta"},"content":{"rendered":"<div id=\"services\"  data-column-margin=\"default\" data-midnight=\"dark\" data-top-percent=\"3%\"  class=\"wpb_row vc_row-fluid vc_row full-width-section\"  style=\"padding-top: calc(100vw * 0.03); padding-bottom: 0px; \"><div class=\"row-bg-wrap\" data-bg-animation=\"none\" data-bg-animation-delay=\"\" data-bg-overlay=\"false\"><div class=\"inner-wrap row-bg-layer\" ><div class=\"row-bg viewport-desktop\"  style=\"\"><\/div><\/div><\/div><div class=\"row_col_wrap_12 col span_12 dark left\">\n\t<div  class=\"vc_col-sm-12 wpb_column column_container vc_column_container col no-extra-padding inherit_tablet inherit_phone\"  data-padding-pos=\"all\" data-has-bg-color=\"false\" data-bg-color=\"\" data-bg-opacity=\"1\" data-animation=\"\" data-delay=\"0\" >\n\t\t<div class=\"vc_column-inner\" >\n\t\t\t<div class=\"wpb_wrapper\">\n\t\t\t\t<div id=\"fws_69e6063854314\" data-midnight=\"\" data-column-margin=\"default\" class=\"wpb_row vc_row-fluid vc_row inner_row\"  style=\"padding-bottom: 5%; \"><div class=\"row-bg-wrap\"> <div class=\"row-bg\" ><\/div> <\/div><div class=\"row_col_wrap_12_inner col span_12  left\">\n\t<div  class=\"vc_col-sm-12 wpb_column column_container vc_column_container col child_column centered-text no-extra-padding inherit_tablet inherit_phone\"   data-padding-pos=\"all\" data-has-bg-color=\"false\" data-bg-color=\"\" data-bg-opacity=\"1\" data-animation=\"\" data-delay=\"0\" >\n\t\t<div class=\"vc_column-inner\" >\n\t\t<div class=\"wpb_wrapper\">\n\t\t\t\n<div class=\"wpb_text_column wpb_content_element\" >\n\t<div class=\"wpb_wrapper\">\n\t\t<h3 class=\"vc_custom_heading\" style=\"text-align: center;\">Mujer de Florida Condenada por Asesinato Tras Encerrar a su Novio en una Maleta<\/h3>\n<p>Una mujer de Florida fue condenada por asesinato en segundo grado el viernes despu\u00e9s de que las autoridades informaran que dej\u00f3 a su novio encerrado en una maleta, lo que provoc\u00f3 su muerte en 2020.<\/p>\n<p>Sarah Boone, ahora de 47 a\u00f1os, dijo a las autoridades que su novio qued\u00f3 atrapado accidentalmente en la maleta y muri\u00f3 durante un juego de escondite, seg\u00fan los registros judiciales. La pareja, que viv\u00eda en Winter Park, Florida, hab\u00eda estado bebiendo chardonnay y resolviendo rompecabezas antes de comenzar el juego.<\/p>\n<p>Seg\u00fan una declaraci\u00f3n jurada de la Oficina del Sheriff del Condado de Orange, Boone y su novio, Jorge Torres Jr., de 42 a\u00f1os, pensaron que ser\u00eda divertido incluir la maleta en el juego. Cuando Boone cerr\u00f3 a Torres dentro de una maleta azul, not\u00f3 que sus dedos sobresal\u00edan y asumi\u00f3 que podr\u00eda abrirla f\u00e1cilmente.<\/p>\n<p>Boone luego se fue a la cama, creyendo que Torres pronto se liberar\u00eda y se unir\u00eda a ella. Sin embargo, despert\u00f3 y lo encontr\u00f3 a\u00fan en la maleta, sin responder.<\/p>\n<p>La evidencia en el juicio incluy\u00f3 videos del tel\u00e9fono de Boone, donde se puede escuchar a Torres pidiendo desesperadamente que lo dejen salir, mientras Boone se r\u00ede y desestima sus s\u00faplicas. El comunicado de la Oficina del Fiscal del Estado se\u00f1al\u00f3 que, en las grabaciones, Torres le dice a Boone que no puede respirar y pide repetidamente que lo libere. Se escucha a Boone responder: \"Eso es lo que te mereces\", y acusarlo de enga\u00f1arla, entre otras burlas.<\/p>\n<p>En el video, se ve a Torres empujando contra la maleta, intentando escapar, seg\u00fan la declaraci\u00f3n jurada.<\/p>\n<p>Durante el juicio de 10 d\u00edas, la defensa de Boone argument\u00f3 que ella sufr\u00eda del \"S\u00edndrome de C\u00f3nyuge Maltratado\" y tem\u00eda por su vida. Tambi\u00e9n afirm\u00f3 que pensaba que Torres podr\u00eda salir de la maleta por s\u00ed mismo. Boone testific\u00f3 durante casi cinco horas en su defensa, seg\u00fan inform\u00f3 la filial de CNN, WESH.<\/p>\n<p>Tras el veredicto, el abogado de Boone expres\u00f3 su decepci\u00f3n, mientras que la familia de Torres, visiblemente emocionada, rechaz\u00f3 las entrevistas con los medios.<\/p>\n<p>Boone ser\u00e1 sentenciada el 2 de diciembre a la 1:30 p.m., seg\u00fan el comunicado de la Oficina del Fiscal del Estado.<\/p>\n\t<\/div>\n<\/div>\n\n\n\n\n\t\t<\/div> \n\t<\/div>\n\t<\/div> \n<\/div><\/div>\n\t\t\t<\/div> \n\t\t<\/div>\n\t<\/div> \n<\/div><\/div>\n\t\t<div id=\"fws_69e6063854752\"  data-column-margin=\"default\" data-midnight=\"dark\"  class=\"wpb_row vc_row-fluid vc_row\"  style=\"padding-top: 0px; padding-bottom: 0px; \"><div class=\"row-bg-wrap\" data-bg-animation=\"none\" data-bg-animation-delay=\"\" data-bg-overlay=\"false\"><div class=\"inner-wrap row-bg-layer\" ><div class=\"row-bg viewport-desktop\"  style=\"\"><\/div><\/div><\/div><div class=\"row_col_wrap_12 col span_12 dark center\">\n\t<div  class=\"vc_col-sm-12 wpb_column column_container vc_column_container col centered-text no-extra-padding inherit_tablet inherit_phone\"  data-padding-pos=\"all\" data-has-bg-color=\"false\" data-bg-color=\"\" data-bg-opacity=\"1\" data-animation=\"\" data-delay=\"0\" >\n\t\t<div class=\"vc_column-inner\" >\n\t\t\t<div class=\"wpb_wrapper\">\n\t\t\t\t<div class=\"nectar-cta  alignment_tablet_default alignment_phone_default display_tablet_inherit display_phone_inherit\" data-color=\"accent-color\" data-using-bg=\"true\" data-style=\"arrow-animation\" data-display=\"block\" data-alignment=\"center\" data-text-color=\"custom\" style=\"margin-top: 30px; \"><h4 style=\"color: #ffffff;\"><span class=\"link_wrap\" style=\"padding-top: 20px; padding-right: 40px; padding-bottom: 20px; padding-left: 40px;\"><a  class=\"link_text\" role=\"button\" href=\"https:\/\/www.counterpointfirm.com\/es\/contact-us\/\"><span class=\"text\">Cont\u00e1ctanos<\/span><svg class=\"next-arrow\" aria-hidden=\"true\" width=\"20px\" height=\"25px\" viewbox=\"0 0 50 80\" xml:space=\"preserve\">\n  <polyline stroke=\"#ffffff\" stroke-width=\"9\" fill=\"none\" stroke-linecap=\"round\" stroke-linejoin=\"round\" points=\"0, 0 45, 40 0, 80\"\/>\n  <\/svg>  <span class=\"line\"  style=\"background-color: #ffffff;\"><\/span> <\/a><\/span><\/h4><\/div>\n\t\t\t<\/div> \n\t\t<\/div>\n\t<\/div> \n<\/div><\/div>","protected":false},"excerpt":{"rendered":"Florida Woman Convicted of Murder After Zipping Her Boyfriend Inside a Suitcase A Florida woman was convicted of second-degree murder on Friday after authorities reported that she left her boyfriend...","protected":false},"author":1,"featured_media":0,"parent":0,"menu_order":0,"comment_status":"closed","ping_status":"closed","template":"","meta":{"footnotes":""},"class_list":["post-6525","page","type-page","status-publish"],"_links":{"self":[{"href":"https:\/\/www.counterpointfirm.com\/es\/wp-json\/wp\/v2\/pages\/6525","targetHints":{"allow":["GET"]}}],"collection":[{"href":"https:\/\/www.counterpointfirm.com\/es\/wp-json\/wp\/v2\/pages"}],"about":[{"href":"https:\/\/www.counterpointfirm.com\/es\/wp-json\/wp\/v2\/types\/page"}],"author":[{"embeddable":true,"href":"https:\/\/www.counterpointfirm.com\/es\/wp-json\/wp\/v2\/users\/1"}],"replies":[{"embeddable":true,"href":"https:\/\/www.counterpointfirm.com\/es\/wp-json\/wp\/v2\/comments?post=6525"}],"version-history":[{"count":3,"href":"https:\/\/www.counterpointfirm.com\/es\/wp-json\/wp\/v2\/pages\/6525\/revisions"}],"predecessor-version":[{"id":6530,"href":"https:\/\/www.counterpointfirm.com\/es\/wp-json\/wp\/v2\/pages\/6525\/revisions\/6530"}],"wp:attachment":[{"href":"https:\/\/www.counterpointfirm.com\/es\/wp-json\/wp\/v2\/media?parent=6525"}],"curies":[{"name":"wp","href":"https:\/\/api.w.org\/{rel}","templated":true}]}}